{"id":1797,"date":"2025-04-02T16:13:02","date_gmt":"2025-04-02T16:13:02","guid":{"rendered":"https:\/\/demosites.royal-elementor-addons.com\/yoga-v2\/?page_id=11"},"modified":"2026-04-09T08:48:02","modified_gmt":"2026-04-09T08:48:02","slug":"servicios","status":"publish","type":"page","link":"https:\/\/epcoach.com\/index.php\/servicios\/","title":{"rendered":"Servicios"},"content":{"rendered":"\t\t<div data-elementor-type=\"wp-page\" data-elementor-id=\"1797\" class=\"elementor elementor-1797\">\n\t\t\t\t<div class=\"elementor-element elementor-element-d8ec190 e-flex e-con-boxed wpr-particle-no wpr-jarallax-no wpr-parallax-no wpr-sticky-section-no e-con e-parent\" data-id=\"d8ec190\" data-element_type=\"container\" data-e-type=\"container\">\n\t\t\t\t\t<div class=\"e-con-inner\">\n\t\t\t\t<div class=\"elementor-element elementor-element-2c4541a elementor-widget elementor-widget-heading\" data-id=\"2c4541a\" data-element_type=\"widget\" data-e-type=\"widget\" data-widget_type=\"heading.default\">\n\t\t\t\t\t<h1 class=\"elementor-heading-title elementor-size-default\">Servicios<\/h1>\t\t\t\t<\/div>\n\t\t\t\t<div class=\"elementor-element elementor-element-111c20d elementor-widget elementor-widget-text-editor\" data-id=\"111c20d\" data-element_type=\"widget\" data-e-type=\"widget\" data-widget_type=\"text-editor.default\">\n\t\t\t\t\t\t\t\t\t<p>Espacios para transformar bloqueo, inseguridad y l\u00edmites en presencia y acci\u00f3n.<\/p>\t\t\t\t\t\t\t\t<\/div>\n\t\t\t\t\t<\/div>\n\t\t\t\t<\/div>\n\t\t<div class=\"elementor-element elementor-element-55cd3d8 e-flex e-con-boxed wpr-particle-no wpr-jarallax-no wpr-parallax-no wpr-sticky-section-no e-con e-parent\" data-id=\"55cd3d8\" data-element_type=\"container\" data-e-type=\"container\">\n\t\t\t\t\t<div class=\"e-con-inner\">\n\t\t<div class=\"elementor-element elementor-element-b53e5f2 e-con-full e-flex wpr-particle-no wpr-jarallax-no wpr-parallax-no wpr-sticky-section-no elementor-invisible e-con e-child\" data-id=\"b53e5f2\" data-element_type=\"container\" data-e-type=\"container\" data-settings=\"{&quot;animation&quot;:&quot;slideInLeft&quot;,&quot;animation_delay&quot;:200}\">\n\t\t<div class=\"elementor-element elementor-element-f728b1f e-flex e-con-boxed wpr-particle-no wpr-jarallax-no wpr-parallax-no wpr-sticky-section-no e-con e-child\" data-id=\"f728b1f\" data-element_type=\"container\" data-e-type=\"container\" data-settings=\"{&quot;background_background&quot;:&quot;classic&quot;}\">\n\t\t\t\t\t<div class=\"e-con-inner\">\n\t\t<div class=\"elementor-element elementor-element-eb81314 e-con-full e-flex wpr-particle-no wpr-jarallax-no wpr-parallax-no wpr-sticky-section-no e-con e-child\" data-id=\"eb81314\" data-element_type=\"container\" data-e-type=\"container\">\n\t\t\t\t<div class=\"elementor-element elementor-element-c288975 elementor-widget elementor-widget-heading\" data-id=\"c288975\" data-element_type=\"widget\" data-e-type=\"widget\" data-widget_type=\"heading.default\">\n\t\t\t\t\t<h2 class=\"elementor-heading-title elementor-size-default\">Sesiones<\/h2>\t\t\t\t<\/div>\n\t\t\t\t<div class=\"elementor-element elementor-element-4ad59b1 elementor-widget elementor-widget-heading\" data-id=\"4ad59b1\" data-element_type=\"widget\" data-e-type=\"widget\" data-widget_type=\"heading.default\">\n\t\t\t\t\t<h2 class=\"elementor-heading-title elementor-size-default\">1:1<\/h2>\t\t\t\t<\/div>\n\t\t\t\t<div class=\"elementor-element elementor-element-2130362 elementor-widget elementor-widget-text-editor\" data-id=\"2130362\" data-element_type=\"widget\" data-e-type=\"widget\" data-widget_type=\"text-editor.default\">\n\t\t\t\t\t\t\t\t\t<p>Acompa\u00f1amiento individual para mujeres que quieren comprender lo que les pasa y transformar patrones como el bloqueo, la inseguridad o la dificultad para poner l\u00edmites.<\/p><p>Un espacio profundo, personalizado y orientado al cambio real.<\/p><p><br data-start=\"330\" data-end=\"333\" \/>Trabajo desde el coaching, la presencia y herramientas pr\u00e1cticas aplicadas a tu vida cotidiana.<\/p>\t\t\t\t\t\t\t\t<\/div>\n\t\t\t\t<\/div>\n\t\t<div class=\"elementor-element elementor-element-6592649 e-con-full e-flex wpr-particle-no wpr-jarallax-no wpr-parallax-no wpr-sticky-section-no e-con e-child\" data-id=\"6592649\" data-element_type=\"container\" data-e-type=\"container\">\n\t\t\t\t<div class=\"elementor-element elementor-element-1f04ce7 elementor-widget elementor-widget-image\" data-id=\"1f04ce7\" data-element_type=\"widget\" data-e-type=\"widget\" data-widget_type=\"image.default\">\n\t\t\t\t\t\t\t\t\t\t\t\t\t\t\t<img fetchpriority=\"high\" decoding=\"async\" width=\"1024\" height=\"942\" src=\"https:\/\/epcoach.com\/wp-content\/uploads\/2026\/04\/gratitud.png\" class=\"attachment-full size-full wp-image-1956\" alt=\"\" srcset=\"https:\/\/epcoach.com\/wp-content\/uploads\/2026\/04\/gratitud.png 1024w, https:\/\/epcoach.com\/wp-content\/uploads\/2026\/04\/gratitud-300x276.png 300w, https:\/\/epcoach.com\/wp-content\/uploads\/2026\/04\/gratitud-768x707.png 768w\" sizes=\"(max-width: 1024px) 100vw, 1024px\" \/>\t\t\t\t\t\t\t\t\t\t\t\t\t\t\t<\/div>\n\t\t\t\t<\/div>\n\t\t\t\t\t<\/div>\n\t\t\t\t<\/div>\n\t\t\t\t<\/div>\n\t\t<div class=\"elementor-element elementor-element-c628ea7 e-con-full e-flex wpr-particle-no wpr-jarallax-no wpr-parallax-no wpr-sticky-section-no e-con e-child\" data-id=\"c628ea7\" data-element_type=\"container\" data-e-type=\"container\">\n\t\t<div class=\"elementor-element elementor-element-01be26f e-flex e-con-boxed wpr-particle-no wpr-jarallax-no wpr-parallax-no wpr-sticky-section-no elementor-invisible e-con e-child\" data-id=\"01be26f\" data-element_type=\"container\" data-e-type=\"container\" data-settings=\"{&quot;background_background&quot;:&quot;classic&quot;,&quot;animation&quot;:&quot;slideInRight&quot;,&quot;animation_delay&quot;:0}\">\n\t\t\t\t\t<div class=\"e-con-inner\">\n\t\t<div class=\"elementor-element elementor-element-2920432 e-con-full e-flex wpr-particle-no wpr-jarallax-no wpr-parallax-no wpr-sticky-section-no e-con e-child\" data-id=\"2920432\" data-element_type=\"container\" data-e-type=\"container\">\n\t\t\t\t<div class=\"elementor-element elementor-element-ce00980 elementor-widget elementor-widget-heading\" data-id=\"ce00980\" data-element_type=\"widget\" data-e-type=\"widget\" data-widget_type=\"heading.default\">\n\t\t\t\t\t<h2 class=\"elementor-heading-title elementor-size-default\">TALLERES<\/h2>\t\t\t\t<\/div>\n\t\t\t\t<div class=\"elementor-element elementor-element-1fa23a6 elementor-widget elementor-widget-text-editor\" data-id=\"1fa23a6\" data-element_type=\"widget\" data-e-type=\"widget\" data-widget_type=\"text-editor.default\">\n\t\t\t\t\t\t\t\t\t<p>Espacios vivenciales en grupo para identificar patrones autom\u00e1ticos como el bloqueo, la sumisi\u00f3n, la duda constante o la autoexigencia. <br \/>Talleres pr\u00e1cticos donde cuerpo, conciencia y acci\u00f3n se unen para generar cambios reales.<br data-start=\"670\" data-end=\"673\" \/>Una experiencia transformadora para reconectar con tu fuerza, tu voz y tu presencia.<\/p>\t\t\t\t\t\t\t\t<\/div>\n\t\t\t\t<\/div>\n\t\t<div class=\"elementor-element elementor-element-b12e062 e-con-full e-flex wpr-particle-no wpr-jarallax-no wpr-parallax-no wpr-sticky-section-no e-con e-child\" data-id=\"b12e062\" data-element_type=\"container\" data-e-type=\"container\">\n\t\t\t\t<div class=\"elementor-element elementor-element-fffe3c5 elementor-widget elementor-widget-image\" data-id=\"fffe3c5\" data-element_type=\"widget\" data-e-type=\"widget\" data-widget_type=\"image.default\">\n\t\t\t\t\t\t\t\t\t\t\t\t\t\t\t<img decoding=\"async\" width=\"1024\" height=\"945\" src=\"https:\/\/epcoach.com\/wp-content\/uploads\/2026\/04\/findecurso.png\" class=\"attachment-full size-full wp-image-1958\" alt=\"\" srcset=\"https:\/\/epcoach.com\/wp-content\/uploads\/2026\/04\/findecurso.png 1024w, https:\/\/epcoach.com\/wp-content\/uploads\/2026\/04\/findecurso-300x277.png 300w, https:\/\/epcoach.com\/wp-content\/uploads\/2026\/04\/findecurso-768x709.png 768w\" sizes=\"(max-width: 1024px) 100vw, 1024px\" \/>\t\t\t\t\t\t\t\t\t\t\t\t\t\t\t<\/div>\n\t\t\t\t<\/div>\n\t\t\t\t\t<\/div>\n\t\t\t\t<\/div>\n\t\t<div class=\"elementor-element elementor-element-c692886 e-flex e-con-boxed wpr-particle-no wpr-jarallax-no wpr-parallax-no wpr-sticky-section-no elementor-invisible e-con e-child\" data-id=\"c692886\" data-element_type=\"container\" data-e-type=\"container\" data-settings=\"{&quot;background_background&quot;:&quot;classic&quot;,&quot;animation&quot;:&quot;slideInRight&quot;,&quot;animation_delay&quot;:100}\">\n\t\t\t\t\t<div class=\"e-con-inner\">\n\t\t<div class=\"elementor-element elementor-element-7973c08 e-con-full e-flex wpr-particle-no wpr-jarallax-no wpr-parallax-no wpr-sticky-section-no e-con e-child\" data-id=\"7973c08\" data-element_type=\"container\" data-e-type=\"container\">\n\t\t\t\t<div class=\"elementor-element elementor-element-a1038b9 elementor-widget elementor-widget-heading\" data-id=\"a1038b9\" data-element_type=\"widget\" data-e-type=\"widget\" data-widget_type=\"heading.default\">\n\t\t\t\t\t<h2 class=\"elementor-heading-title elementor-size-default\">CONFERENCIAS Y RETIROS<\/h2>\t\t\t\t<\/div>\n\t\t\t\t<div class=\"elementor-element elementor-element-50ffa1c elementor-widget elementor-widget-text-editor\" data-id=\"50ffa1c\" data-element_type=\"widget\" data-e-type=\"widget\" data-widget_type=\"text-editor.default\">\n\t\t\t\t\t\t\t\t\t<p>Charlas y experiencias para centros, eventos, empresas o retiros que quieran ofrecer una mirada diferente sobre la seguridad, los l\u00edmites, el bloqueo y la presencia personal. Un enfoque cercano, profundo y din\u00e1mico que une reflexi\u00f3n y pr\u00e1ctica.<br data-start=\"1032\" data-end=\"1035\" \/>Ideal para generar impacto, conciencia y herramientas aplicables desde el primer momento.<\/p>\t\t\t\t\t\t\t\t<\/div>\n\t\t\t\t<\/div>\n\t\t<div class=\"elementor-element elementor-element-38cc1ca e-con-full e-flex wpr-particle-no wpr-jarallax-no wpr-parallax-no wpr-sticky-section-no e-con e-child\" data-id=\"38cc1ca\" data-element_type=\"container\" data-e-type=\"container\">\n\t\t\t\t<div class=\"elementor-element elementor-element-baf3b77 elementor-widget elementor-widget-image\" data-id=\"baf3b77\" data-element_type=\"widget\" data-e-type=\"widget\" data-widget_type=\"image.default\">\n\t\t\t\t\t\t\t\t\t\t\t\t\t\t\t<img decoding=\"async\" width=\"1024\" height=\"938\" src=\"https:\/\/epcoach.com\/wp-content\/uploads\/2026\/04\/abrazo.png\" class=\"attachment-full size-full wp-image-1957\" alt=\"\" srcset=\"https:\/\/epcoach.com\/wp-content\/uploads\/2026\/04\/abrazo.png 1024w, https:\/\/epcoach.com\/wp-content\/uploads\/2026\/04\/abrazo-300x275.png 300w, https:\/\/epcoach.com\/wp-content\/uploads\/2026\/04\/abrazo-768x704.png 768w\" sizes=\"(max-width: 1024px) 100vw, 1024px\" \/>\t\t\t\t\t\t\t\t\t\t\t\t\t\t\t<\/div>\n\t\t\t\t<\/div>\n\t\t\t\t\t<\/div>\n\t\t\t\t<\/div>\n\t\t\t\t<\/div>\n\t\t\t\t\t<\/div>\n\t\t\t\t<\/div>\n\t\t<div class=\"elementor-element elementor-element-cc95640 e-flex e-con-boxed wpr-particle-no wpr-jarallax-no wpr-parallax-no wpr-sticky-section-no e-con e-parent\" data-id=\"cc95640\" data-element_type=\"container\" data-e-type=\"container\">\n\t\t\t\t\t<div class=\"e-con-inner\">\n\t\t<div class=\"elementor-element elementor-element-e1fc812 e-con-full e-flex wpr-particle-no wpr-jarallax-no wpr-parallax-no wpr-sticky-section-no elementor-invisible e-con e-child\" data-id=\"e1fc812\" data-element_type=\"container\" data-e-type=\"container\" data-settings=\"{&quot;animation&quot;:&quot;slideInLeft&quot;}\">\n\t\t\t\t<div class=\"elementor-element elementor-element-cc11b7c elementor-widget elementor-widget-image\" data-id=\"cc11b7c\" data-element_type=\"widget\" data-e-type=\"widget\" data-widget_type=\"image.default\">\n\t\t\t\t\t\t\t\t\t\t\t\t\t\t\t<img loading=\"lazy\" decoding=\"async\" width=\"512\" height=\"471\" src=\"https:\/\/epcoach.com\/wp-content\/uploads\/2026\/04\/espejo.png\" class=\"attachment-full size-full wp-image-2038\" alt=\"\" srcset=\"https:\/\/epcoach.com\/wp-content\/uploads\/2026\/04\/espejo.png 512w, https:\/\/epcoach.com\/wp-content\/uploads\/2026\/04\/espejo-300x276.png 300w\" sizes=\"(max-width: 512px) 100vw, 512px\" \/>\t\t\t\t\t\t\t\t\t\t\t\t\t\t\t<\/div>\n\t\t\t\t<\/div>\n\t\t<div class=\"elementor-element elementor-element-843d155 e-con-full e-flex wpr-particle-no wpr-jarallax-no wpr-parallax-no wpr-sticky-section-no elementor-invisible e-con e-child\" data-id=\"843d155\" data-element_type=\"container\" data-e-type=\"container\" data-settings=\"{&quot;animation&quot;:&quot;slideInRight&quot;}\">\n\t\t\t\t<div class=\"elementor-element elementor-element-57e8dda elementor-widget elementor-widget-heading\" data-id=\"57e8dda\" data-element_type=\"widget\" data-e-type=\"widget\" data-widget_type=\"heading.default\">\n\t\t\t\t\t<h2 class=\"elementor-heading-title elementor-size-default\">Lo que me diferencia:<\/h2>\t\t\t\t<\/div>\n\t\t\t\t<div class=\"elementor-element elementor-element-c169f92 elementor-widget elementor-widget-text-editor\" data-id=\"c169f92\" data-element_type=\"widget\" data-e-type=\"widget\" data-widget_type=\"text-editor.default\">\n\t\t\t\t\t\t\t\t\t<p data-start=\"136\" data-end=\"631\">\u00a0<\/p><p data-start=\"136\" data-end=\"631\"><strong data-start=\"136\" data-end=\"215\">Aqu\u00ed no vienes a que te digan simplemente \u201cpon l\u00edmites\u201d o \u201ccree m\u00e1s en ti\u201d.<\/strong><\/p><p data-start=\"136\" data-end=\"631\">Si fuera tan f\u00e1cil como entenderlo, ya lo habr\u00edas resuelto. Muchas veces sabes perfectamente lo que te pasa, pero en el momento clave te bloqueas, dudas, cedes o desapareces de ti. Por eso mi enfoque es diferente: no trabajo solo desde la reflexi\u00f3n, sino tambi\u00e9n desde el cuerpo, la presencia y la experiencia pr\u00e1ctica, para que el cambio no se quede en la cabeza, sino que puedas sentirlo e integrarlo de verdad.<\/p><p data-start=\"633\" data-end=\"1080\"><strong data-start=\"633\" data-end=\"737\">Mis servicios est\u00e1n pensados para acompa\u00f1arte con profundidad, sin juicio y de una forma muy humana.<\/strong><\/p><p data-start=\"633\" data-end=\"1080\">No se trata de exigirte m\u00e1s, sino de comprender qu\u00e9 patr\u00f3n se activa en ti, por qu\u00e9 ocurre y c\u00f3mo empezar a responder de otra manera. A trav\u00e9s de sesiones 1:1, talleres y espacios vivenciales, te ayudo a transformar bloqueo, inseguridad, sumisi\u00f3n o autoexigencia en m\u00e1s claridad, m\u00e1s voz, m\u00e1s seguridad y m\u00e1s presencia en tu vida cotidiana.<\/p>\t\t\t\t\t\t\t\t<\/div>\n\t\t\t\t<\/div>\n\t\t\t\t\t<\/div>\n\t\t\t\t<\/div>\n\t\t\t\t<\/div>\n\t\t","protected":false},"excerpt":{"rendered":"<p>Servicios Espacios para transformar bloqueo, inseguridad y l\u00edmites en presencia y acci\u00f3n. Sesiones 1:1 Acompa\u00f1amiento individual para mujeres que quieren comprender lo que les pasa y transformar patrones como el bloqueo, la inseguridad o la dificultad para poner l\u00edmites. Un espacio profundo, personalizado y orientado al cambio real. Trabajo desde el coaching, la presencia y herramientas pr\u00e1cticas aplicadas a tu vida cotidiana. TALLERES Espacios vivenciales en grupo para identificar patrones autom\u00e1ticos como el bloqueo, la sumisi\u00f3n, la duda constante o la autoexigencia. Talleres pr\u00e1cticos donde cuerpo, conciencia y acci\u00f3n se unen para generar cambios reales.Una experiencia transformadora para reconectar con tu fuerza, tu voz y tu presencia. CONFERENCIAS Y RETIROS Charlas y experiencias para centros, eventos, empresas o retiros que quieran ofrecer una mirada diferente sobre la seguridad, los l\u00edmites, el bloqueo y la presencia personal. Un enfoque cercano, profundo y din\u00e1mico que une reflexi\u00f3n y pr\u00e1ctica.Ideal para generar impacto, conciencia y herramientas aplicables desde el primer momento. Lo que me diferencia: \u00a0 Aqu\u00ed no vienes a que te digan simplemente \u201cpon l\u00edmites\u201d o \u201ccree m\u00e1s en ti\u201d. Si fuera tan f\u00e1cil como entenderlo, ya lo habr\u00edas resuelto. Muchas veces sabes perfectamente lo que te pasa, pero en el momento clave te bloqueas, dudas, cedes o desapareces de ti. Por eso mi enfoque es diferente: no trabajo solo desde la reflexi\u00f3n, sino tambi\u00e9n desde el cuerpo, la presencia y la experiencia pr\u00e1ctica, para que el cambio no se quede en la cabeza, sino que puedas sentirlo e integrarlo de verdad. Mis servicios est\u00e1n pensados para acompa\u00f1arte con profundidad, sin juicio y de una forma muy humana. No se trata de exigirte m\u00e1s, sino de comprender qu\u00e9 patr\u00f3n se activa en ti, por qu\u00e9 ocurre y c\u00f3mo empezar a responder de otra manera. A trav\u00e9s de sesiones 1:1, talleres y espacios vivenciales, te ayudo a transformar bloqueo, inseguridad, sumisi\u00f3n o autoexigencia en m\u00e1s claridad, m\u00e1s voz, m\u00e1s seguridad y m\u00e1s presencia en tu vida cotidiana.<\/p>\n","protected":false},"author":1,"featured_media":0,"parent":0,"menu_order":0,"comment_status":"closed","ping_status":"closed","template":"elementor_canvas","meta":{"footnotes":""},"class_list":["post-1797","page","type-page","status-publish","hentry"],"_links":{"self":[{"href":"https:\/\/epcoach.com\/index.php\/wp-json\/wp\/v2\/pages\/1797","targetHints":{"allow":["GET"]}}],"collection":[{"href":"https:\/\/epcoach.com\/index.php\/wp-json\/wp\/v2\/pages"}],"about":[{"href":"https:\/\/epcoach.com\/index.php\/wp-json\/wp\/v2\/types\/page"}],"author":[{"embeddable":true,"href":"https:\/\/epcoach.com\/index.php\/wp-json\/wp\/v2\/users\/1"}],"replies":[{"embeddable":true,"href":"https:\/\/epcoach.com\/index.php\/wp-json\/wp\/v2\/comments?post=1797"}],"version-history":[{"count":13,"href":"https:\/\/epcoach.com\/index.php\/wp-json\/wp\/v2\/pages\/1797\/revisions"}],"predecessor-version":[{"id":2041,"href":"https:\/\/epcoach.com\/index.php\/wp-json\/wp\/v2\/pages\/1797\/revisions\/2041"}],"wp:attachment":[{"href":"https:\/\/epcoach.com\/index.php\/wp-json\/wp\/v2\/media?parent=1797"}],"curies":[{"name":"wp","href":"https:\/\/api.w.org\/{rel}","templated":true}]}}